{"id":4,"date":"2013-07-24T14:09:38","date_gmt":"2013-07-24T14:09:38","guid":{"rendered":"http:\/\/localhost\/eventos\/?page_id=4"},"modified":"2026-03-10T15:06:45","modified_gmt":"2026-03-10T18:06:45","slug":"sobre-o-evento","status":"publish","type":"page","link":"https:\/\/smu.crp.ufv.br\/","title":{"rendered":"In\u00edcio"},"content":{"rendered":"<p><strong>APOIO FINANCEIRO &#8211; FINEP<\/strong><\/p>\n<p>Chamadas P\u00fablicas: MCTI\/FINEP\/A\u00e7\u00e3o Transversal &#8211; Campi Regionais 03\/2007 (Conv\u00eanio 01.07.0763.00), MCTI\/FINEP\/CT-INFRA 01\/2013 (Conv\u00eanio 01.14.0227.00) e Novos Campi 02\/2008 (Conv\u00eanio 01.09.0492.00).<br \/>\nCartas-Convite: MCTI\/FINEP 01\/2014 (Conv\u00eanio 01.16.0025.00) e MCTI\/FINEP\/FNDCT\/VERTICAL &#8211; CT INFRA- IFES 002\/2025 (Conv\u00eanio 01.25.0858.00)<\/p>\n<p><strong>APOIO FINANCEIRO &#8211; FAPEMIG<\/strong><\/p>\n<p>Edital &#8220;Programa de Apoio a Instala\u00e7\u00f5es Multiusu\u00e1rios&#8221;: Projetos APQ 00777-19 e APQ 01846-24.<\/p>\n","protected":false},"excerpt":{"rendered":"<p>APOIO FINANCEIRO &#8211; FINEP Chamadas P\u00fablicas: MCTI\/FINEP\/A\u00e7\u00e3o Transversal &#8211; Campi Regionais 03\/2007 (Conv\u00eanio 01.07.0763.00), MCTI\/FINEP\/CT-INFRA 01\/2013 (Conv\u00eanio 01.14.0227.00) e Novos Campi 02\/2008 (Conv\u00eanio 01.09.0492.00). Cartas-Convite: MCTI\/FINEP 01\/2014 (Conv\u00eanio 01.16.0025.00) e MCTI\/FINEP\/FNDCT\/VERTICAL &#8211; CT INFRA- IFES 002\/2025 (Conv\u00eanio 01.25.0858.00) APOIO FINANCEIRO &hellip; <a href=\"https:\/\/smu.crp.ufv.br\/\">Leia mais<\/a><\/p>\n","protected":false},"author":1,"featured_media":0,"parent":0,"menu_order":0,"comment_status":"closed","ping_status":"closed","template":"inicio-page.php","meta":{"footnotes":""},"class_list":["post-4","page","type-page","status-publish","hentry"],"_links":{"self":[{"href":"https:\/\/smu.crp.ufv.br\/index.php?rest_route=\/wp\/v2\/pages\/4","targetHints":{"allow":["GET"]}}],"collection":[{"href":"https:\/\/smu.crp.ufv.br\/index.php?rest_route=\/wp\/v2\/pages"}],"about":[{"href":"https:\/\/smu.crp.ufv.br\/index.php?rest_route=\/wp\/v2\/types\/page"}],"author":[{"embeddable":true,"href":"https:\/\/smu.crp.ufv.br\/index.php?rest_route=\/wp\/v2\/users\/1"}],"replies":[{"embeddable":true,"href":"https:\/\/smu.crp.ufv.br\/index.php?rest_route=%2Fwp%2Fv2%2Fcomments&post=4"}],"version-history":[{"count":73,"href":"https:\/\/smu.crp.ufv.br\/index.php?rest_route=\/wp\/v2\/pages\/4\/revisions"}],"predecessor-version":[{"id":1473,"href":"https:\/\/smu.crp.ufv.br\/index.php?rest_route=\/wp\/v2\/pages\/4\/revisions\/1473"}],"wp:attachment":[{"href":"https:\/\/smu.crp.ufv.br\/index.php?rest_route=%2Fwp%2Fv2%2Fmedia&parent=4"}],"curies":[{"name":"wp","href":"https:\/\/api.w.org\/{rel}","templated":true}]}}