{"id":1270,"date":"2022-06-15T13:47:05","date_gmt":"2022-06-15T16:47:05","guid":{"rendered":"https:\/\/smu.crp.ufv.br\/?page_id=1270"},"modified":"2025-08-19T11:24:28","modified_gmt":"2025-08-19T14:24:28","slug":"menu05","status":"publish","type":"page","link":"https:\/\/smu.crp.ufv.br\/?page_id=1270","title":{"rendered":"Publica\u00e7\u00f5es"},"content":{"rendered":"<p>Todos os usu\u00e1rios dever\u00e3o agradecer e fazer refer\u00eancia ao Sistema Multiusu\u00e1rio em suas publica\u00e7\u00f5es t\u00e9cnico-cient\u00edficas decorrentes da utiliza\u00e7\u00e3o da nossa infraestrutura, bem como agradecer \u00a0as ag\u00eancias de fomento que financiaram a aquisi\u00e7\u00e3o dos equipamentos (FAPEMIG, FINEP, CNPq, CAPES). Os termos das eventuais parcerias de pesquisa e desenvolvimento dever\u00e3o ser discutidos \u00e0 parte com a nossa equipe t\u00e9cnica.<\/p>\n<p>&nbsp;<\/p>\n<p><strong>Modelo de agradecimento:<\/strong><\/p>\n<p><strong>Artigos Cient\u00edficos:<\/strong><br \/>\nWe are grateful to the Sistema Multiusu\u00e1rio (SMU) of the Universidade Federal de Vi\u00e7osa (UFV) &#8211; Campus Rio Parana\u00edba for providing the facilities for our experiments and data analysis. The SMU is financially supported by Funda\u00e7\u00e3o de Amparo \u00e0 Pesquisa do Estado de Minas Gerais (Fapemig), Financiadora de Estudos e Projetos (Finep), Conselho Nacional de Desenvolvimento Cient\u00edfico e Tecnol\u00f3gico (CNPq), and Coordenac\u00e3o de Aperfei\u00e7oamento de Pessoal de N\u00edvel Superior (CAPES).<\/p>\n<p><strong>Disserta\u00e7\u00f5es e Teses:<\/strong><br \/>\nAgrade\u00e7o ao Sistema Multiusu\u00e1rio (SMU) da Universidade Federal de Vi\u00e7osa (UFV) &#8211; Campus Rio Parana\u00edba pelo suporte na realiza\u00e7\u00e3o dos experimentos e na an\u00e1lise dos dados. O SMU \u00e9 financiado pela Funda\u00e7\u00e3o de Amparo \u00e0 Pesquisa do Estado de Minas Gerais (Fapemig), Financiadora de Estudos e Projetos (Finep), Conselho Nacional de Desenvolvimento Cient\u00edfico e Tecnol\u00f3gico (CNPq) e Coordenac\u00e3o de Aperfei\u00e7oamento de Pessoal de N\u00edvel Superior (CAPES).<\/p>\n","protected":false},"excerpt":{"rendered":"<p>Todos os usu\u00e1rios dever\u00e3o agradecer e fazer refer\u00eancia ao Sistema Multiusu\u00e1rio em suas publica\u00e7\u00f5es t\u00e9cnico-cient\u00edficas decorrentes da utiliza\u00e7\u00e3o da nossa infraestrutura, bem como agradecer \u00a0as ag\u00eancias de fomento que financiaram a aquisi\u00e7\u00e3o dos equipamentos (FAPEMIG, FINEP, CNPq, CAPES). Os termos &hellip; <a href=\"https:\/\/smu.crp.ufv.br\/?page_id=1270\">Leia mais<\/a><\/p>\n","protected":false},"author":1,"featured_media":0,"parent":0,"menu_order":0,"comment_status":"closed","ping_status":"closed","template":"","meta":{"footnotes":""},"class_list":["post-1270","page","type-page","status-publish","hentry"],"_links":{"self":[{"href":"https:\/\/smu.crp.ufv.br\/index.php?rest_route=\/wp\/v2\/pages\/1270","targetHints":{"allow":["GET"]}}],"collection":[{"href":"https:\/\/smu.crp.ufv.br\/index.php?rest_route=\/wp\/v2\/pages"}],"about":[{"href":"https:\/\/smu.crp.ufv.br\/index.php?rest_route=\/wp\/v2\/types\/page"}],"author":[{"embeddable":true,"href":"https:\/\/smu.crp.ufv.br\/index.php?rest_route=\/wp\/v2\/users\/1"}],"replies":[{"embeddable":true,"href":"https:\/\/smu.crp.ufv.br\/index.php?rest_route=%2Fwp%2Fv2%2Fcomments&post=1270"}],"version-history":[{"count":3,"href":"https:\/\/smu.crp.ufv.br\/index.php?rest_route=\/wp\/v2\/pages\/1270\/revisions"}],"predecessor-version":[{"id":1327,"href":"https:\/\/smu.crp.ufv.br\/index.php?rest_route=\/wp\/v2\/pages\/1270\/revisions\/1327"}],"wp:attachment":[{"href":"https:\/\/smu.crp.ufv.br\/index.php?rest_route=%2Fwp%2Fv2%2Fmedia&parent=1270"}],"curies":[{"name":"wp","href":"https:\/\/api.w.org\/{rel}","templated":true}]}}