{"id":1268,"date":"2022-06-15T13:46:58","date_gmt":"2022-06-15T16:46:58","guid":{"rendered":"https:\/\/smu.crp.ufv.br\/?page_id=1268"},"modified":"2025-12-15T15:40:34","modified_gmt":"2025-12-15T18:40:34","slug":"menu04","status":"publish","type":"page","link":"https:\/\/smu.crp.ufv.br\/?page_id=1268","title":{"rendered":"Servi\u00e7os e taxas"},"content":{"rendered":"<p><strong>An\u00e1lise de Espectrometria de Infravermelho (FT-IR)<\/strong><\/p>\n<p>UFV \u2013 Campus Rio Parana\u00edba: sem custo<\/p>\n<p>UFV \u2013 Campi Florestal e Vi\u00e7osa: R$ 25,00\/h<\/p>\n<p>Comunidade acad\u00eamica externa \u00e0 UFV: R$ 50,00\/h<\/p>\n<p>Setor privado: R$ 100,00\/h<\/p>\n<p>Observa\u00e7\u00e3o: As amostras s\u00f3lidas devem estar finamente mo\u00eddas.<\/p>\n<p>&nbsp;<\/p>\n<p><strong>An\u00e1lise de Difratometria de Raio X (DRXP)<\/strong><\/p>\n<p>UFV \u2013 Campus Rio Parana\u00edba: sem custo<\/p>\n<p>UFV \u2013 Campi Florestal e Vi\u00e7osa: R$ 50,00\/h<\/p>\n<p>Comunidade acad\u00eamica externa \u00e0 UFV: R$ 70,00\/h<\/p>\n<p>Setor privado: R$ 200,00\/h<\/p>\n<p>&nbsp;<\/p>\n<p><strong>An\u00e1lise Termogravim\u00e9trica (TGA) e An\u00e1lise T\u00e9rmica Diferencial (DTA)<\/strong><\/p>\n<p>UFV \u2013 Campus Rio Parana\u00edba: sem custo<\/p>\n<p>UFV \u2013 Campi Florestal e Vi\u00e7osa: R$ 50,00\/h<\/p>\n<p>Comunidade acad\u00eamica externa \u00e0 UFV: R$ 70,00\/h<\/p>\n<p>Setor privado: R$ 100,00\/h<\/p>\n<p>&nbsp;<\/p>\n<p>Outros equipamentos: Em atualiza\u00e7\u00e3o<\/p>\n","protected":false},"excerpt":{"rendered":"<p>An\u00e1lise de Espectrometria de Infravermelho (FT-IR) UFV \u2013 Campus Rio Parana\u00edba: sem custo UFV \u2013 Campi Florestal e Vi\u00e7osa: R$ 25,00\/h Comunidade acad\u00eamica externa \u00e0 UFV: R$ 50,00\/h Setor privado: R$ 100,00\/h Observa\u00e7\u00e3o: As amostras s\u00f3lidas devem estar finamente mo\u00eddas. &hellip; <a href=\"https:\/\/smu.crp.ufv.br\/?page_id=1268\">Leia mais<\/a><\/p>\n","protected":false},"author":1,"featured_media":0,"parent":0,"menu_order":0,"comment_status":"closed","ping_status":"closed","template":"","meta":{"footnotes":""},"class_list":["post-1268","page","type-page","status-publish","hentry"],"_links":{"self":[{"href":"https:\/\/smu.crp.ufv.br\/index.php?rest_route=\/wp\/v2\/pages\/1268","targetHints":{"allow":["GET"]}}],"collection":[{"href":"https:\/\/smu.crp.ufv.br\/index.php?rest_route=\/wp\/v2\/pages"}],"about":[{"href":"https:\/\/smu.crp.ufv.br\/index.php?rest_route=\/wp\/v2\/types\/page"}],"author":[{"embeddable":true,"href":"https:\/\/smu.crp.ufv.br\/index.php?rest_route=\/wp\/v2\/users\/1"}],"replies":[{"embeddable":true,"href":"https:\/\/smu.crp.ufv.br\/index.php?rest_route=%2Fwp%2Fv2%2Fcomments&post=1268"}],"version-history":[{"count":11,"href":"https:\/\/smu.crp.ufv.br\/index.php?rest_route=\/wp\/v2\/pages\/1268\/revisions"}],"predecessor-version":[{"id":1442,"href":"https:\/\/smu.crp.ufv.br\/index.php?rest_route=\/wp\/v2\/pages\/1268\/revisions\/1442"}],"wp:attachment":[{"href":"https:\/\/smu.crp.ufv.br\/index.php?rest_route=%2Fwp%2Fv2%2Fmedia&parent=1268"}],"curies":[{"name":"wp","href":"https:\/\/api.w.org\/{rel}","templated":true}]}}