{"id":1266,"date":"2022-06-15T13:46:49","date_gmt":"2022-06-15T16:46:49","guid":{"rendered":"https:\/\/smu.crp.ufv.br\/?page_id=1266"},"modified":"2025-12-15T15:39:36","modified_gmt":"2025-12-15T18:39:36","slug":"menu03","status":"publish","type":"page","link":"https:\/\/smu.crp.ufv.br\/?page_id=1266","title":{"rendered":"Agendamentos"},"content":{"rendered":"<p>O Sistema Multiusu\u00e1rio engloba laborat\u00f3rios e equipamentos dispon\u00edveis a todos os pesquisadores da Universidade Federal de Vi\u00e7osa e de outras institui\u00e7\u00f5es p\u00fablicas e\/ou privadas.<\/p>\n<p>Para se tornar um usu\u00e1rio apto a utilizar as instala\u00e7\u00f5es do Sistema Multiusu\u00e1rio, \u00e9 necess\u00e1rio:<\/p>\n<p>1) Ter capacita\u00e7\u00e3o comprovada para opera\u00e7\u00e3o dos nossos equipamentos. Caso o usu\u00e1rio n\u00e3o possua tal capacita\u00e7\u00e3o, verificar a possibilidade de nossa equipe t\u00e9cnica em realizar as an\u00e1lises;<\/p>\n<p>2) Entrar em contato e solicitar informa\u00e7\u00f5es sobre a disponibilidade e condi\u00e7\u00f5es de utiliza\u00e7\u00e3o dos equipamentos;<\/p>\n<p>3) Agendar o uso do equipamento por meio de formul\u00e1rio espec\u00edfico dispon\u00edvel abaixo;<\/p>\n<p>4) Manter a organiza\u00e7\u00e3o e a limpeza das salas e dos equipamentos.<\/p>\n<p>Solicita\u00e7\u00f5es de informa\u00e7\u00f5es sobre equipamentos n\u00e3o listados nesta p\u00e1gina ou d\u00favidas gerais sobre o Sistema Multiusu\u00e1rio podem ser direcionadas aos seguintes e-mails: <a href=\"mailto:smucrp@ufv.br\">smucrp@ufv.br<\/a>; <a href=\"mailto:dpg.crp@ufv.br\">dpg.crp@ufv.br<\/a><\/p>\n<p>\u00c9 dever dos usu\u00e1rios do Sistema Multiusu\u00e1rio assumir o compromisso de comunicar imediatamente aos nossos t\u00e9cnicos todas as ocorr\u00eancias decorrentes da utiliza\u00e7\u00e3o dos nossos equipamentos, para que a\u00e7\u00f5es corretivas adequadas sejam adotadas rapidamente.<\/p>\n<p><strong>Formul\u00e1rios de agendamentos<\/strong><\/p>\n<p><a href=\"https:\/\/docs.google.com\/forms\/d\/e\/1FAIpQLSc2CEWgb618upJpjtrU40NkfxwUa4dC0sd07NIZPn5Oxvs2kg\/viewform\">An\u00e1lise Termogravim\u00e9tica (TGA) e An\u00e1lise T\u00e9rmica Diferencial (DTA)<\/a><\/p>\n<p><a href=\"https:\/\/docs.google.com\/forms\/d\/1n4muj6xSi3Ebs4ZlFrnU1Qa_NejTVz5skxkPj2zR2CQ\/viewform?edit_requested=true\">Espectrofotometria de infravermelho (FT-IR)<\/a><\/p>\n<p><a href=\"https:\/\/docs.google.com\/forms\/d\/e\/1FAIpQLScevZzAbTF9Hhd5NGCiem_30qqtWXX6AnrNoHmJsNNjaqf8cg\/viewform\">Difratometria de raio X<\/a><\/p>\n<p><a href=\"https:\/\/docs.google.com\/forms\/d\/e\/1FAIpQLSfP9LPJDTNtiG81r1rsGp1QRQj6v0bKVdGrkyxnrypzdG9EFA\/viewform?vc=0&amp;c=0&amp;w=1&amp;flr=0\">Espectrometria de Emiss\u00e3o \u00d3ptica com Plasma Indutivamente Acoplado (ICP OES)<\/a><\/p>\n<p>Outros equipamentos: Em atualiza\u00e7\u00e3o<\/p>\n","protected":false},"excerpt":{"rendered":"<p>O Sistema Multiusu\u00e1rio engloba laborat\u00f3rios e equipamentos dispon\u00edveis a todos os pesquisadores da Universidade Federal de Vi\u00e7osa e de outras institui\u00e7\u00f5es p\u00fablicas e\/ou privadas. Para se tornar um usu\u00e1rio apto a utilizar as instala\u00e7\u00f5es do Sistema Multiusu\u00e1rio, \u00e9 necess\u00e1rio: 1) &hellip; <a href=\"https:\/\/smu.crp.ufv.br\/?page_id=1266\">Leia mais<\/a><\/p>\n","protected":false},"author":1,"featured_media":0,"parent":0,"menu_order":0,"comment_status":"closed","ping_status":"closed","template":"","meta":{"footnotes":""},"class_list":["post-1266","page","type-page","status-publish","hentry"],"_links":{"self":[{"href":"https:\/\/smu.crp.ufv.br\/index.php?rest_route=\/wp\/v2\/pages\/1266","targetHints":{"allow":["GET"]}}],"collection":[{"href":"https:\/\/smu.crp.ufv.br\/index.php?rest_route=\/wp\/v2\/pages"}],"about":[{"href":"https:\/\/smu.crp.ufv.br\/index.php?rest_route=\/wp\/v2\/types\/page"}],"author":[{"embeddable":true,"href":"https:\/\/smu.crp.ufv.br\/index.php?rest_route=\/wp\/v2\/users\/1"}],"replies":[{"embeddable":true,"href":"https:\/\/smu.crp.ufv.br\/index.php?rest_route=%2Fwp%2Fv2%2Fcomments&post=1266"}],"version-history":[{"count":6,"href":"https:\/\/smu.crp.ufv.br\/index.php?rest_route=\/wp\/v2\/pages\/1266\/revisions"}],"predecessor-version":[{"id":1440,"href":"https:\/\/smu.crp.ufv.br\/index.php?rest_route=\/wp\/v2\/pages\/1266\/revisions\/1440"}],"wp:attachment":[{"href":"https:\/\/smu.crp.ufv.br\/index.php?rest_route=%2Fwp%2Fv2%2Fmedia&parent=1266"}],"curies":[{"name":"wp","href":"https:\/\/api.w.org\/{rel}","templated":true}]}}