{"id":1264,"date":"2022-06-15T13:46:41","date_gmt":"2022-06-15T16:46:41","guid":{"rendered":"https:\/\/smu.crp.ufv.br\/?page_id=1264"},"modified":"2026-03-02T15:56:54","modified_gmt":"2026-03-02T18:56:54","slug":"menu02","status":"publish","type":"page","link":"https:\/\/smu.crp.ufv.br\/?page_id=1264","title":{"rendered":"Instala\u00e7\u00f5es e equipamentos"},"content":{"rendered":"<h2><span style=\"color: #ff0000;\">Pr\u00e9dio: Centro Integrado de Pesquisas (CIP)<\/span><\/h2>\n<h3><span style=\"color: #ff0000;\">Laborat\u00f3rio Multiusu\u00e1rio I\u00a0 (Sala CIP 101)<\/span><\/h3>\n<h3><span style=\"color: #000000;\">Difrat\u00f4metro de raio X\u00a0<\/span><\/h3>\n<div id=\"attachment_1336\" style=\"width: 310px\" class=\"wp-caption alignnone\"><img loading=\"lazy\" decoding=\"async\" aria-describedby=\"caption-attachment-1336\" class=\"wp-image-1336 size-medium\" src=\"https:\/\/smu.crp.ufv.br\/wp-content\/uploads\/2025\/08\/difratometro-de-raio-X-300x225.jpg\" alt=\"\" width=\"300\" height=\"225\" srcset=\"https:\/\/smu.crp.ufv.br\/wp-content\/uploads\/2025\/08\/difratometro-de-raio-X-300x225.jpg 300w, https:\/\/smu.crp.ufv.br\/wp-content\/uploads\/2025\/08\/difratometro-de-raio-X-1024x766.jpg 1024w, https:\/\/smu.crp.ufv.br\/wp-content\/uploads\/2025\/08\/difratometro-de-raio-X-768x575.jpg 768w, https:\/\/smu.crp.ufv.br\/wp-content\/uploads\/2025\/08\/difratometro-de-raio-X-401x300.jpg 401w, https:\/\/smu.crp.ufv.br\/wp-content\/uploads\/2025\/08\/difratometro-de-raio-X.jpg 1280w\" sizes=\"auto, (max-width: 300px) 100vw, 300px\" \/><p id=\"caption-attachment-1336\" class=\"wp-caption-text\">Marca Shimadzu, modelo DRX-6000<\/p><\/div>\n<h3><span style=\"color: #000000;\">Espectr\u00f4metro de Fluoresc\u00eancia de Raios X (XRF)\u00a0<\/span><\/h3>\n<div id=\"attachment_1391\" style=\"width: 258px\" class=\"wp-caption alignnone\"><img loading=\"lazy\" decoding=\"async\" aria-describedby=\"caption-attachment-1391\" class=\" wp-image-1391\" src=\"https:\/\/smu.crp.ufv.br\/wp-content\/uploads\/2025\/12\/Fluorescencia-225x300.jpeg\" alt=\"\" width=\"248\" height=\"331\" srcset=\"https:\/\/smu.crp.ufv.br\/wp-content\/uploads\/2025\/12\/Fluorescencia-225x300.jpeg 225w, https:\/\/smu.crp.ufv.br\/wp-content\/uploads\/2025\/12\/Fluorescencia-768x1024.jpeg 768w, https:\/\/smu.crp.ufv.br\/wp-content\/uploads\/2025\/12\/Fluorescencia.jpeg 960w\" sizes=\"auto, (max-width: 248px) 100vw, 248px\" \/><p id=\"caption-attachment-1391\" class=\"wp-caption-text\">Marca Malvern Panalytical, Axios 2100<\/p><\/div>\n<h3><span style=\"color: #000000;\">Espectrofot\u00f4metro de infravermelho (FT-IR)\u00a0<\/span><\/h3>\n<div id=\"attachment_1353\" style=\"width: 310px\" class=\"wp-caption alignnone\"><img loading=\"lazy\" decoding=\"async\" aria-describedby=\"caption-attachment-1353\" class=\"wp-image-1353 size-medium\" src=\"https:\/\/smu.crp.ufv.br\/wp-content\/uploads\/2025\/08\/FTIR-300x222.jpg\" alt=\"\" width=\"300\" height=\"222\" srcset=\"https:\/\/smu.crp.ufv.br\/wp-content\/uploads\/2025\/08\/FTIR-300x222.jpg 300w, https:\/\/smu.crp.ufv.br\/wp-content\/uploads\/2025\/08\/FTIR-406x300.jpg 406w, https:\/\/smu.crp.ufv.br\/wp-content\/uploads\/2025\/08\/FTIR.jpg 636w\" sizes=\"auto, (max-width: 300px) 100vw, 300px\" \/><p id=\"caption-attachment-1353\" class=\"wp-caption-text\">Marca Jasco, modelo 4100<\/p><\/div>\n<h3><span style=\"color: #000000;\">Analisador Termogravim\u00e9trico (TGA) e Termodiferencial (DTA)\u00a0<\/span><\/h3>\n<div id=\"attachment_1398\" style=\"width: 235px\" class=\"wp-caption alignnone\"><img loading=\"lazy\" decoding=\"async\" aria-describedby=\"caption-attachment-1398\" class=\"size-medium wp-image-1398\" src=\"https:\/\/smu.crp.ufv.br\/wp-content\/uploads\/2025\/12\/TH-225x300.jpeg\" alt=\"\" width=\"225\" height=\"300\" srcset=\"https:\/\/smu.crp.ufv.br\/wp-content\/uploads\/2025\/12\/TH-225x300.jpeg 225w, https:\/\/smu.crp.ufv.br\/wp-content\/uploads\/2025\/12\/TH-768x1024.jpeg 768w, https:\/\/smu.crp.ufv.br\/wp-content\/uploads\/2025\/12\/TH.jpeg 960w\" sizes=\"auto, (max-width: 225px) 100vw, 225px\" \/><p id=\"caption-attachment-1398\" class=\"wp-caption-text\">Marca Shimadzu &#8211; Modelo DTG 60<\/p><\/div>\n<h3><span style=\"color: #000000;\">Calor\u00edmetro de Varredura Diferencial (DSC)<\/span><\/h3>\n<div id=\"attachment_1399\" style=\"width: 254px\" class=\"wp-caption alignnone\"><img loading=\"lazy\" decoding=\"async\" aria-describedby=\"caption-attachment-1399\" class=\" wp-image-1399\" src=\"https:\/\/smu.crp.ufv.br\/wp-content\/uploads\/2025\/12\/DSC-225x300.jpeg\" alt=\"\" width=\"244\" height=\"325\" srcset=\"https:\/\/smu.crp.ufv.br\/wp-content\/uploads\/2025\/12\/DSC-225x300.jpeg 225w, https:\/\/smu.crp.ufv.br\/wp-content\/uploads\/2025\/12\/DSC-768x1024.jpeg 768w, https:\/\/smu.crp.ufv.br\/wp-content\/uploads\/2025\/12\/DSC.jpeg 960w\" sizes=\"auto, (max-width: 244px) 100vw, 244px\" \/><p id=\"caption-attachment-1399\" class=\"wp-caption-text\">Marca Shimadzu, Modelo DSC-60 Plus<\/p><\/div>\n<h3><span style=\"color: #ff0000;\">Laborat\u00f3rio Multiusu\u00e1rio II\u00a0 (Sala CIP 103)<\/span><\/h3>\n<h3><span style=\"color: #000000;\">Cromat\u00f3grafo l\u00edquido de alta efici\u00eancia (HPLC)\u00a0<\/span><\/h3>\n<p><img loading=\"lazy\" decoding=\"async\" class=\"alignnone size-medium wp-image-1344\" src=\"https:\/\/smu.crp.ufv.br\/wp-content\/uploads\/2025\/08\/HPLC-300x194.jpg\" alt=\"\" width=\"300\" height=\"194\" srcset=\"https:\/\/smu.crp.ufv.br\/wp-content\/uploads\/2025\/08\/HPLC-300x194.jpg 300w, https:\/\/smu.crp.ufv.br\/wp-content\/uploads\/2025\/08\/HPLC-1024x664.jpg 1024w, https:\/\/smu.crp.ufv.br\/wp-content\/uploads\/2025\/08\/HPLC-768x498.jpg 768w, https:\/\/smu.crp.ufv.br\/wp-content\/uploads\/2025\/08\/HPLC-1536x995.jpg 1536w, https:\/\/smu.crp.ufv.br\/wp-content\/uploads\/2025\/08\/HPLC-463x300.jpg 463w, https:\/\/smu.crp.ufv.br\/wp-content\/uploads\/2025\/08\/HPLC.jpg 1793w\" sizes=\"auto, (max-width: 300px) 100vw, 300px\" \/><\/p>\n<p>Marca Shimadzu, modelo CT020A\/SPD20A\/RID20A<\/p>\n<h3><span style=\"color: #000000;\">Cromat\u00f3grafo a g\u00e1s com detector de massas (CG-MS)\u00a0<\/span><\/h3>\n<div id=\"attachment_1420\" style=\"width: 333px\" class=\"wp-caption alignnone\"><img loading=\"lazy\" decoding=\"async\" aria-describedby=\"caption-attachment-1420\" class=\" wp-image-1420\" src=\"https:\/\/smu.crp.ufv.br\/wp-content\/uploads\/2025\/12\/CGMS-225x300.jpg\" alt=\"\" width=\"323\" height=\"430\" srcset=\"https:\/\/smu.crp.ufv.br\/wp-content\/uploads\/2025\/12\/CGMS-225x300.jpg 225w, https:\/\/smu.crp.ufv.br\/wp-content\/uploads\/2025\/12\/CGMS.jpg 340w\" sizes=\"auto, (max-width: 323px) 100vw, 323px\" \/><p id=\"caption-attachment-1420\" class=\"wp-caption-text\">Marca Shimadzu, Modelo GCMS-QP2010 Plus<br \/>Detector de ioniza\u00e7\u00e3o de chama, modelo FID-2010<\/p><\/div>\n<h3><span style=\"color: #000000;\">Espectrofot\u00f4metro na regi\u00e3o do ultravioleta e vis\u00edvel<\/span><\/h3>\n<div id=\"attachment_1360\" style=\"width: 310px\" class=\"wp-caption alignnone\"><img loading=\"lazy\" decoding=\"async\" aria-describedby=\"caption-attachment-1360\" class=\"size-medium wp-image-1360\" src=\"https:\/\/smu.crp.ufv.br\/wp-content\/uploads\/2025\/08\/UV-Visivel-300x123.jpeg\" alt=\"\" width=\"300\" height=\"123\" srcset=\"https:\/\/smu.crp.ufv.br\/wp-content\/uploads\/2025\/08\/UV-Visivel-300x123.jpeg 300w, https:\/\/smu.crp.ufv.br\/wp-content\/uploads\/2025\/08\/UV-Visivel-1024x419.jpeg 1024w, https:\/\/smu.crp.ufv.br\/wp-content\/uploads\/2025\/08\/UV-Visivel-768x314.jpeg 768w, https:\/\/smu.crp.ufv.br\/wp-content\/uploads\/2025\/08\/UV-Visivel-500x205.jpeg 500w, https:\/\/smu.crp.ufv.br\/wp-content\/uploads\/2025\/08\/UV-Visivel.jpeg 1214w\" sizes=\"auto, (max-width: 300px) 100vw, 300px\" \/><p id=\"caption-attachment-1360\" class=\"wp-caption-text\">Marca Perkin Elmer, modelo Lambda 25<\/p><\/div>\n<div>\n<h3><span style=\"color: #000000;\">Cromat\u00f3grafo l\u00edquido &#8211; Espectr\u00f4metro de massas (LCMS)\u00a0<\/span><\/h3>\n<div id=\"attachment_1395\" style=\"width: 310px\" class=\"wp-caption alignnone\"><img loading=\"lazy\" decoding=\"async\" aria-describedby=\"caption-attachment-1395\" class=\"size-medium wp-image-1395\" src=\"https:\/\/smu.crp.ufv.br\/wp-content\/uploads\/2025\/12\/LCMS-300x225.jpeg\" alt=\"\" width=\"300\" height=\"225\" srcset=\"https:\/\/smu.crp.ufv.br\/wp-content\/uploads\/2025\/12\/LCMS-300x225.jpeg 300w, https:\/\/smu.crp.ufv.br\/wp-content\/uploads\/2025\/12\/LCMS-1024x768.jpeg 1024w, https:\/\/smu.crp.ufv.br\/wp-content\/uploads\/2025\/12\/LCMS-768x576.jpeg 768w, https:\/\/smu.crp.ufv.br\/wp-content\/uploads\/2025\/12\/LCMS-400x300.jpeg 400w, https:\/\/smu.crp.ufv.br\/wp-content\/uploads\/2025\/12\/LCMS.jpeg 1280w\" sizes=\"auto, (max-width: 300px) 100vw, 300px\" \/><p id=\"caption-attachment-1395\" class=\"wp-caption-text\">LCMS &#8211; Shimadzu<\/p><\/div>\n<\/div>\n<div>\n<div class=\"MuiGrid-root MuiGrid-item MuiGrid-grid-xs-12\"><\/div>\n<div class=\"mceTemp\"><\/div>\n<h3><span style=\"color: #000000;\">Analisador de Potencial Zeta<\/span><\/h3>\n<div id=\"attachment_1401\" style=\"width: 310px\" class=\"wp-caption alignnone\"><img loading=\"lazy\" decoding=\"async\" aria-describedby=\"caption-attachment-1401\" class=\"size-medium wp-image-1401\" src=\"https:\/\/smu.crp.ufv.br\/wp-content\/uploads\/2025\/12\/Potencial-Zeta-300x169.jpeg\" alt=\"\" width=\"300\" height=\"169\" srcset=\"https:\/\/smu.crp.ufv.br\/wp-content\/uploads\/2025\/12\/Potencial-Zeta-300x169.jpeg 300w, https:\/\/smu.crp.ufv.br\/wp-content\/uploads\/2025\/12\/Potencial-Zeta-1024x576.jpeg 1024w, https:\/\/smu.crp.ufv.br\/wp-content\/uploads\/2025\/12\/Potencial-Zeta-768x432.jpeg 768w, https:\/\/smu.crp.ufv.br\/wp-content\/uploads\/2025\/12\/Potencial-Zeta-1536x864.jpeg 1536w, https:\/\/smu.crp.ufv.br\/wp-content\/uploads\/2025\/12\/Potencial-Zeta-500x281.jpeg 500w, https:\/\/smu.crp.ufv.br\/wp-content\/uploads\/2025\/12\/Potencial-Zeta.jpeg 1600w\" sizes=\"auto, (max-width: 300px) 100vw, 300px\" \/><p id=\"caption-attachment-1401\" class=\"wp-caption-text\">Zetasizer PRO, Marca Malvern Panalytical<\/p><\/div>\n<div class=\"MuiGrid-root MuiGrid-item MuiGrid-grid-xs-12\">\n<div class=\"MuiGrid-root MuiGrid-item MuiGrid-grid-xs-12\">\n<h3 class=\"sc-qWQHW hfApKq\"><span style=\"color: #ff0000;\">Ultrapurificador de \u00e1gua\u00a0 (Sala CIP 108)<\/span><\/h3>\n<\/div>\n<\/div>\n<div class=\"MuiGrid-root MuiGrid-item MuiGrid-grid-xs-12\">\n<div class=\"sc-qWQHW hfApKq\">\n<h3><span style=\"color: #000000;\">Ultrapurificador<\/span><\/h3>\n<\/div>\n<\/div>\n<p><img loading=\"lazy\" decoding=\"async\" class=\"alignnone size-medium wp-image-1423\" src=\"https:\/\/smu.crp.ufv.br\/wp-content\/uploads\/2025\/12\/Purificador-de-agua-300x295.png\" alt=\"\" width=\"300\" height=\"295\" srcset=\"https:\/\/smu.crp.ufv.br\/wp-content\/uploads\/2025\/12\/Purificador-de-agua-300x295.png 300w, https:\/\/smu.crp.ufv.br\/wp-content\/uploads\/2025\/12\/Purificador-de-agua-305x300.png 305w, https:\/\/smu.crp.ufv.br\/wp-content\/uploads\/2025\/12\/Purificador-de-agua.png 461w\" sizes=\"auto, (max-width: 300px) 100vw, 300px\" \/><\/p>\n<div class=\"MuiGrid-root MuiGrid-item MuiGrid-grid-xs-12\">\n<div class=\"MuiGrid-root MuiGrid-item MuiGrid-grid-xs-12\">\n<h3 class=\"sc-qWQHW hfApKq\"><span style=\"color: #ff0000;\">Cluster de computadores\u00a0 (Sala CIP 207)<\/span><\/h3>\n<\/div>\n<\/div>\n<div class=\"MuiGrid-root MuiGrid-item MuiGrid-grid-xs-12\">\n<div class=\"sc-qWQHW hfApKq\">\n<h3><span style=\"color: #000000;\">Cluster<\/span><\/h3>\n<div id=\"attachment_1351\" style=\"width: 341px\" class=\"wp-caption alignnone\"><img loading=\"lazy\" decoding=\"async\" aria-describedby=\"caption-attachment-1351\" class=\"wp-image-1351 \" src=\"https:\/\/smu.crp.ufv.br\/wp-content\/uploads\/2025\/08\/Cluster-300x225.jpg\" alt=\"\" width=\"331\" height=\"248\" srcset=\"https:\/\/smu.crp.ufv.br\/wp-content\/uploads\/2025\/08\/Cluster-300x225.jpg 300w, https:\/\/smu.crp.ufv.br\/wp-content\/uploads\/2025\/08\/Cluster-768x576.jpg 768w, https:\/\/smu.crp.ufv.br\/wp-content\/uploads\/2025\/08\/Cluster-400x300.jpg 400w, https:\/\/smu.crp.ufv.br\/wp-content\/uploads\/2025\/08\/Cluster.jpg 1024w\" sizes=\"auto, (max-width: 331px) 100vw, 331px\" \/><p id=\"caption-attachment-1351\" class=\"wp-caption-text\">Cluster &#8211; 10 computadores marca\/modelo LENOVO RD450, INTEL XEON E5-2630 V3, 64GB, HD 600GB<\/p><\/div>\n<\/div>\n<\/div>\n<\/div>\n<h3><span style=\"color: #ff0000;\">Laborat\u00f3rio de Geoqu\u00edmica Ambiental (Sala CIP 305)<\/span><\/h3>\n<h3><span style=\"color: #000000;\">Cromat\u00f3grafo em fase l\u00edquida de alta performance (UPLC)<\/span><\/h3>\n<div class=\"MuiGrid-root MuiGrid-item MuiGrid-grid-xs-12\"><\/div>\n<div class=\"MuiGrid-root MuiGrid-item MuiGrid-grid-xs-12\">\n<div class=\"sc-qWQHW hfApKq\">\n<div id=\"attachment_1355\" style=\"width: 310px\" class=\"wp-caption alignnone\"><img loading=\"lazy\" decoding=\"async\" aria-describedby=\"caption-attachment-1355\" class=\"size-medium wp-image-1355\" src=\"https:\/\/smu.crp.ufv.br\/wp-content\/uploads\/2025\/08\/UPLC-300x269.jpeg\" alt=\"\" width=\"300\" height=\"269\" srcset=\"https:\/\/smu.crp.ufv.br\/wp-content\/uploads\/2025\/08\/UPLC-300x269.jpeg 300w, https:\/\/smu.crp.ufv.br\/wp-content\/uploads\/2025\/08\/UPLC-768x689.jpeg 768w, https:\/\/smu.crp.ufv.br\/wp-content\/uploads\/2025\/08\/UPLC-334x300.jpeg 334w, https:\/\/smu.crp.ufv.br\/wp-content\/uploads\/2025\/08\/UPLC.jpeg 787w\" sizes=\"auto, (max-width: 300px) 100vw, 300px\" \/><p id=\"caption-attachment-1355\" class=\"wp-caption-text\">Marca Agilent, modelo Infinity II UPLC 1260<\/p><\/div>\n<p>Detector DAD<\/p>\n<\/div>\n<\/div>\n<h3><span style=\"color: #ff0000;\">Laborat\u00f3rio de Biotecnologia do Sistema Planta-Microrganismo (Sala CIP 307)<\/span><\/h3>\n<h3><span style=\"color: #000000;\">Sistema de captura de imagens com microsc\u00f3pio invertido<\/span><\/h3>\n<div id=\"attachment_1362\" style=\"width: 235px\" class=\"wp-caption alignnone\"><img loading=\"lazy\" decoding=\"async\" aria-describedby=\"caption-attachment-1362\" class=\"size-medium wp-image-1362\" src=\"https:\/\/smu.crp.ufv.br\/wp-content\/uploads\/2025\/08\/microscopio-invertido-com-camera-225x300.jpg\" alt=\"\" width=\"225\" height=\"300\" srcset=\"https:\/\/smu.crp.ufv.br\/wp-content\/uploads\/2025\/08\/microscopio-invertido-com-camera-225x300.jpg 225w, https:\/\/smu.crp.ufv.br\/wp-content\/uploads\/2025\/08\/microscopio-invertido-com-camera.jpg 768w\" sizes=\"auto, (max-width: 225px) 100vw, 225px\" \/><p id=\"caption-attachment-1362\" class=\"wp-caption-text\">Marca Olympus, modelo IX-73<\/p><\/div>\n<h3><span style=\"color: #ff0000;\">Anexo I\u00a0 (CIP)<\/span><\/h3>\n<div class=\"MuiGrid-root MuiGrid-item MuiGrid-grid-xs-12\">\n<h3><span style=\"color: #000000;\">C\u00e2mara clim\u00e1tica de crescimento de plantas<\/span><\/h3>\n<div id=\"attachment_1366\" style=\"width: 235px\" class=\"wp-caption alignnone\"><img loading=\"lazy\" decoding=\"async\" aria-describedby=\"caption-attachment-1366\" class=\"size-medium wp-image-1366\" src=\"https:\/\/smu.crp.ufv.br\/wp-content\/uploads\/2025\/08\/Fitotron-225x300.jpg\" alt=\"\" width=\"225\" height=\"300\" srcset=\"https:\/\/smu.crp.ufv.br\/wp-content\/uploads\/2025\/08\/Fitotron-225x300.jpg 225w, https:\/\/smu.crp.ufv.br\/wp-content\/uploads\/2025\/08\/Fitotron.jpg 768w\" sizes=\"auto, (max-width: 225px) 100vw, 225px\" \/><p id=\"caption-attachment-1366\" class=\"wp-caption-text\">Marca Weiss, modelo SGH 120<\/p><\/div>\n<\/div>\n<div class=\"MuiGrid-root MuiGrid-item MuiGrid-grid-xs-12\">\n<div class=\"sc-qWQHW hfApKq\"><\/div>\n<\/div>\n<h2><span style=\"color: #ff0000;\">Pr\u00e9dio: Pavilh\u00e3o de Aulas (PVA)<\/span><\/h2>\n<h3><span style=\"color: #ff0000;\">Odisseia Espa\u00e7o Maker (Sala PVA 301)<\/span><\/h3>\n<h3><span style=\"color: #000000;\">M\u00e1quina de corte a laser<\/span><\/h3>\n<div id=\"attachment_1375\" style=\"width: 310px\" class=\"wp-caption alignnone\"><img loading=\"lazy\" decoding=\"async\" aria-describedby=\"caption-attachment-1375\" class=\"size-medium wp-image-1375\" src=\"https:\/\/smu.crp.ufv.br\/wp-content\/uploads\/2025\/08\/Maquina-de-corte-a-laser-300x225.jpeg\" alt=\"\" width=\"300\" height=\"225\" srcset=\"https:\/\/smu.crp.ufv.br\/wp-content\/uploads\/2025\/08\/Maquina-de-corte-a-laser-300x225.jpeg 300w, https:\/\/smu.crp.ufv.br\/wp-content\/uploads\/2025\/08\/Maquina-de-corte-a-laser-1024x769.jpeg 1024w, https:\/\/smu.crp.ufv.br\/wp-content\/uploads\/2025\/08\/Maquina-de-corte-a-laser-768x576.jpeg 768w, https:\/\/smu.crp.ufv.br\/wp-content\/uploads\/2025\/08\/Maquina-de-corte-a-laser-1536x1153.jpeg 1536w, https:\/\/smu.crp.ufv.br\/wp-content\/uploads\/2025\/08\/Maquina-de-corte-a-laser-400x300.jpeg 400w, https:\/\/smu.crp.ufv.br\/wp-content\/uploads\/2025\/08\/Maquina-de-corte-a-laser.jpeg 1600w\" sizes=\"auto, (max-width: 300px) 100vw, 300px\" \/><p id=\"caption-attachment-1375\" class=\"wp-caption-text\">1300 x 900mm, Tubo Laser 150 Watts<\/p><\/div>\n<h3><span style=\"color: #000000;\">Impressora 3D<\/span><\/h3>\n<div id=\"attachment_1393\" style=\"width: 249px\" class=\"wp-caption alignnone\"><img loading=\"lazy\" decoding=\"async\" aria-describedby=\"caption-attachment-1393\" class=\"size-medium wp-image-1393\" src=\"https:\/\/smu.crp.ufv.br\/wp-content\/uploads\/2025\/12\/Impressora-3D-Creality-Ender-3-v1-239x300.jpeg\" alt=\"\" width=\"239\" height=\"300\" srcset=\"https:\/\/smu.crp.ufv.br\/wp-content\/uploads\/2025\/12\/Impressora-3D-Creality-Ender-3-v1-239x300.jpeg 239w, https:\/\/smu.crp.ufv.br\/wp-content\/uploads\/2025\/12\/Impressora-3D-Creality-Ender-3-v1-817x1024.jpeg 817w, https:\/\/smu.crp.ufv.br\/wp-content\/uploads\/2025\/12\/Impressora-3D-Creality-Ender-3-v1-768x963.jpeg 768w, https:\/\/smu.crp.ufv.br\/wp-content\/uploads\/2025\/12\/Impressora-3D-Creality-Ender-3-v1.jpeg 1080w\" sizes=\"auto, (max-width: 239px) 100vw, 239px\" \/><p id=\"caption-attachment-1393\" class=\"wp-caption-text\">Impressora 3D Creality Ender 3 v1<\/p><\/div>\n<h3><span style=\"color: #ff0000;\">Laborat\u00f3rio de Diagn\u00f3sticos Moleculares (Sala PVA 302)<\/span><\/h3>\n<h3><span style=\"color: #000000;\">Termociclador em tempo real<\/span><\/h3>\n<div id=\"attachment_1364\" style=\"width: 235px\" class=\"wp-caption alignnone\"><img loading=\"lazy\" decoding=\"async\" aria-describedby=\"caption-attachment-1364\" class=\"size-medium wp-image-1364\" src=\"https:\/\/smu.crp.ufv.br\/wp-content\/uploads\/2025\/08\/qPCR-225x300.jpg\" alt=\"\" width=\"225\" height=\"300\" srcset=\"https:\/\/smu.crp.ufv.br\/wp-content\/uploads\/2025\/08\/qPCR-225x300.jpg 225w, https:\/\/smu.crp.ufv.br\/wp-content\/uploads\/2025\/08\/qPCR.jpg 768w\" sizes=\"auto, (max-width: 225px) 100vw, 225px\" \/><p id=\"caption-attachment-1364\" class=\"wp-caption-text\">Marca Bio-Rad, modelo CFX-96<\/p><\/div>\n<h3><span style=\"color: #000000;\">Extrator de \u00e1cidos nucleicos<\/span><\/h3>\n<div id=\"attachment_1368\" style=\"width: 310px\" class=\"wp-caption alignnone\"><img loading=\"lazy\" decoding=\"async\" aria-describedby=\"caption-attachment-1368\" class=\"size-medium wp-image-1368\" src=\"https:\/\/smu.crp.ufv.br\/wp-content\/uploads\/2025\/08\/Extrator-de-acidos-nucleicos-300x300.jpg\" alt=\"\" width=\"300\" height=\"300\" srcset=\"https:\/\/smu.crp.ufv.br\/wp-content\/uploads\/2025\/08\/Extrator-de-acidos-nucleicos-300x300.jpg 300w, https:\/\/smu.crp.ufv.br\/wp-content\/uploads\/2025\/08\/Extrator-de-acidos-nucleicos-1024x1024.jpg 1024w, https:\/\/smu.crp.ufv.br\/wp-content\/uploads\/2025\/08\/Extrator-de-acidos-nucleicos-150x150.jpg 150w, https:\/\/smu.crp.ufv.br\/wp-content\/uploads\/2025\/08\/Extrator-de-acidos-nucleicos-768x768.jpg 768w, https:\/\/smu.crp.ufv.br\/wp-content\/uploads\/2025\/08\/Extrator-de-acidos-nucleicos.jpg 1440w\" sizes=\"auto, (max-width: 300px) 100vw, 300px\" \/><p id=\"caption-attachment-1368\" class=\"wp-caption-text\">Marca Loccus, modelo Extracta 32<\/p><\/div>\n<h2><span style=\"color: #ff0000;\">Pr\u00e9dio: Laborat\u00f3rios de Ensino (LAE)<\/span><\/h2>\n<h3><span style=\"color: #ff0000;\">Laborat\u00f3rio Multiusu\u00e1rio de Espectrometria (Sala LAE 230)<\/span><\/h3>\n<h3><span style=\"color: #000000;\">Espectr\u00f4metro de absor\u00e7\u00e3o at\u00f4mica<\/span><\/h3>\n<div id=\"attachment_1371\" style=\"width: 310px\" class=\"wp-caption alignnone\"><img loading=\"lazy\" decoding=\"async\" aria-describedby=\"caption-attachment-1371\" class=\"size-medium wp-image-1371\" src=\"https:\/\/smu.crp.ufv.br\/wp-content\/uploads\/2025\/08\/absorcao-atomica-300x168.png\" alt=\"\" width=\"300\" height=\"168\" srcset=\"https:\/\/smu.crp.ufv.br\/wp-content\/uploads\/2025\/08\/absorcao-atomica-300x168.png 300w, https:\/\/smu.crp.ufv.br\/wp-content\/uploads\/2025\/08\/absorcao-atomica-500x281.png 500w, https:\/\/smu.crp.ufv.br\/wp-content\/uploads\/2025\/08\/absorcao-atomica.png 718w\" sizes=\"auto, (max-width: 300px) 100vw, 300px\" \/><p id=\"caption-attachment-1371\" class=\"wp-caption-text\">Marca Varian, modelo AA240FS<\/p><\/div>\n<h3><span style=\"color: #000000;\"> Espectr\u00f4metro de Emiss\u00e3o \u00d3ptica com Plasma Indutivamente Acoplado (ICP OES)<\/span><\/h3>\n<div id=\"attachment_1372\" style=\"width: 310px\" class=\"wp-caption alignnone\"><img loading=\"lazy\" decoding=\"async\" aria-describedby=\"caption-attachment-1372\" class=\"size-medium wp-image-1372\" src=\"https:\/\/smu.crp.ufv.br\/wp-content\/uploads\/2025\/08\/ICP-OES-300x168.png\" alt=\"\" width=\"300\" height=\"168\" srcset=\"https:\/\/smu.crp.ufv.br\/wp-content\/uploads\/2025\/08\/ICP-OES-300x168.png 300w, https:\/\/smu.crp.ufv.br\/wp-content\/uploads\/2025\/08\/ICP-OES-1024x574.png 1024w, https:\/\/smu.crp.ufv.br\/wp-content\/uploads\/2025\/08\/ICP-OES-768x430.png 768w, https:\/\/smu.crp.ufv.br\/wp-content\/uploads\/2025\/08\/ICP-OES-1536x861.png 1536w, https:\/\/smu.crp.ufv.br\/wp-content\/uploads\/2025\/08\/ICP-OES-2048x1148.png 2048w, https:\/\/smu.crp.ufv.br\/wp-content\/uploads\/2025\/08\/ICP-OES-500x280.png 500w\" sizes=\"auto, (max-width: 300px) 100vw, 300px\" \/><p id=\"caption-attachment-1372\" class=\"wp-caption-text\">Marca Agilent, modelo 5110 ICP OES<\/p><\/div>\n<h3>Biopotenciostato<\/h3>\n<div id=\"attachment_1357\" style=\"width: 310px\" class=\"wp-caption alignnone\"><img loading=\"lazy\" decoding=\"async\" aria-describedby=\"caption-attachment-1357\" class=\"size-medium wp-image-1357\" src=\"https:\/\/smu.crp.ufv.br\/wp-content\/uploads\/2025\/08\/biopotenciostato-300x225.jpg\" alt=\"\" width=\"300\" height=\"225\" srcset=\"https:\/\/smu.crp.ufv.br\/wp-content\/uploads\/2025\/08\/biopotenciostato-300x225.jpg 300w, https:\/\/smu.crp.ufv.br\/wp-content\/uploads\/2025\/08\/biopotenciostato-1024x768.jpg 1024w, https:\/\/smu.crp.ufv.br\/wp-content\/uploads\/2025\/08\/biopotenciostato-768x576.jpg 768w, https:\/\/smu.crp.ufv.br\/wp-content\/uploads\/2025\/08\/biopotenciostato-400x300.jpg 400w, https:\/\/smu.crp.ufv.br\/wp-content\/uploads\/2025\/08\/biopotenciostato.jpg 1200w\" sizes=\"auto, (max-width: 300px) 100vw, 300px\" \/><p id=\"caption-attachment-1357\" class=\"wp-caption-text\">Marca Dropsens, modelo \u00b5Stat 400<\/p><\/div>\n<div class=\"MuiGrid-root MuiGrid-item MuiGrid-grid-xs-12\"><\/div>\n","protected":false},"excerpt":{"rendered":"<p>Pr\u00e9dio: Centro Integrado de Pesquisas (CIP) Laborat\u00f3rio Multiusu\u00e1rio I\u00a0 (Sala CIP 101) Difrat\u00f4metro de raio X\u00a0 Espectr\u00f4metro de Fluoresc\u00eancia de Raios X (XRF)\u00a0 Espectrofot\u00f4metro de infravermelho (FT-IR)\u00a0 Analisador Termogravim\u00e9trico (TGA) e Termodiferencial (DTA)\u00a0 Calor\u00edmetro de Varredura Diferencial (DSC) Laborat\u00f3rio Multiusu\u00e1rio &hellip; <a href=\"https:\/\/smu.crp.ufv.br\/?page_id=1264\">Leia mais<\/a><\/p>\n","protected":false},"author":1,"featured_media":0,"parent":0,"menu_order":0,"comment_status":"closed","ping_status":"closed","template":"","meta":{"footnotes":""},"class_list":["post-1264","page","type-page","status-publish","hentry"],"_links":{"self":[{"href":"https:\/\/smu.crp.ufv.br\/index.php?rest_route=\/wp\/v2\/pages\/1264","targetHints":{"allow":["GET"]}}],"collection":[{"href":"https:\/\/smu.crp.ufv.br\/index.php?rest_route=\/wp\/v2\/pages"}],"about":[{"href":"https:\/\/smu.crp.ufv.br\/index.php?rest_route=\/wp\/v2\/types\/page"}],"author":[{"embeddable":true,"href":"https:\/\/smu.crp.ufv.br\/index.php?rest_route=\/wp\/v2\/users\/1"}],"replies":[{"embeddable":true,"href":"https:\/\/smu.crp.ufv.br\/index.php?rest_route=%2Fwp%2Fv2%2Fcomments&post=1264"}],"version-history":[{"count":51,"href":"https:\/\/smu.crp.ufv.br\/index.php?rest_route=\/wp\/v2\/pages\/1264\/revisions"}],"predecessor-version":[{"id":1464,"href":"https:\/\/smu.crp.ufv.br\/index.php?rest_route=\/wp\/v2\/pages\/1264\/revisions\/1464"}],"wp:attachment":[{"href":"https:\/\/smu.crp.ufv.br\/index.php?rest_route=%2Fwp%2Fv2%2Fmedia&parent=1264"}],"curies":[{"name":"wp","href":"https:\/\/api.w.org\/{rel}","templated":true}]}}