{"id":1262,"date":"2022-06-15T13:46:32","date_gmt":"2022-06-15T16:46:32","guid":{"rendered":"https:\/\/smu.crp.ufv.br\/?page_id=1262"},"modified":"2026-03-02T16:17:04","modified_gmt":"2026-03-02T19:17:04","slug":"menu01","status":"publish","type":"page","link":"https:\/\/smu.crp.ufv.br\/?page_id=1262","title":{"rendered":"Quem somos"},"content":{"rendered":"<h2>Hist\u00f3rico e Objetivos<\/h2>\n<p>O processo de institui\u00e7\u00e3o do Sistema Multiusu\u00e1rio (SMU) teve in\u00edcio no segundo semestre de 2025 (Processo SEI 23114.915259\/2025-31), como iniciativa da Diretoria de Pesquisa e P\u00f3s-Gradua\u00e7\u00e3o da UFV &#8211; Campus Rio Parana\u00edba (DPG). O Conselho Acad\u00eamico-Administrativo (COAD) da UFV &#8211; Campus Rio Parana\u00edba, em sua reuni\u00e3o n\u00famero 92, realizada no dia 19 de setembro de 2025, manifestou-se favor\u00e1vel \u00e0 institui\u00e7\u00e3o do SMU. No dia 10 de fevereiro de 2026, o Conselho de Ensino, Pesquisa e Extens\u00e3o (CEPE) da UFV, em sua reuni\u00e3o de n\u00famero 639, aprovou a proposta de cria\u00e7\u00e3o do SMU. No dia 12 de fevereiro de 2026, o Conselho Universit\u00e1rio (CONSU) da UFV, em sua reuni\u00e3o de n\u00famero 508, instituiu o N\u00facleo Multiusu\u00e1rio do Campus Rio Parana\u00edba e aprovou o seu regimento interno, oficializado pela Resolu\u00e7\u00e3o CONSU\/UFV N\u00famero 38, de 12 de fevereiro de 2026.<\/p>\n<p>O SMU objetiva disponibilizar espa\u00e7os avan\u00e7ados de pesquisas para toda a comunidade da UFV e de outras institui\u00e7\u00f5es; agregar facilidades e equipamentos de pesquisa de car\u00e1ter multiusu\u00e1rio; desenvolver estrat\u00e9gias para ampliar o uso compartilhado de equipamentos; permitir gest\u00e3o e implanta\u00e7\u00e3o eficiente de projetos de natureza interdisciplinar com \u00eanfase em aplica\u00e7\u00f5es em biotecnologia, agropecu\u00e1ria, ci\u00eancias de materiais e desenvolvimento de produtos; capacitar e formar recursos humanos por meio de cursos de curta e m\u00e9dia dura\u00e7\u00e3o; apoiar os cursos de gradua\u00e7\u00e3o e os programas de p\u00f3s-gradua\u00e7\u00e3o da UFV; prestar servi\u00e7os por meio de atendimento \u00e0 demanda.<\/p>\n<p>&nbsp;<\/p>\n<h2>Regimento<\/h2>\n<p>Cap\u00edtulo I<\/p>\n<p>Da Caracteriza\u00e7\u00e3o e Finalidade<\/p>\n<p>Art. 1\u00ba O N\u00facleo Multiusu\u00e1rio da Universidade Federal de Vi\u00e7osa &#8211; Campus Rio Parana\u00edba, doravante denominado Sistema Multiusu\u00e1rio (SMU), caracteriza-se pela reuni\u00e3o de docentes e t\u00e9cnicos de diferentes Institutos da Universidade Federal de Vi\u00e7osa \u2013 Campus Rio Parana\u00edba, com a finalidade de desenvolver programas de pesquisa, ensino e extens\u00e3o que envolvam an\u00e1lises nas \u00e1reas de Ci\u00eancias Agr\u00e1rias, Ci\u00eancias Biol\u00f3gicas e da Sa\u00fade e Ci\u00eancias Exatas e Tecnol\u00f3gicas.<\/p>\n<p>Art. 2\u00ba O SMU tem como principais finalidades:<\/p>\n<p>I &#8211; disponibilizar espa\u00e7os avan\u00e7ados de pesquisas para toda a comunidade da UFV e outras institui\u00e7\u00f5es potencialmente usu\u00e1rias;<\/p>\n<p>II &#8211; agregar facilidades e equipamentos de pesquisa de car\u00e1ter multiusu\u00e1rio;<\/p>\n<p>III &#8211; desenvolver estrat\u00e9gias para ampliar o uso compartilhado de equipamentos;<\/p>\n<p>IV &#8211; permitir gest\u00e3o e implanta\u00e7\u00e3o eficiente de projetos de natureza interdisciplinar com \u00eanfase em aplica\u00e7\u00f5es em biotecnologia, agropecu\u00e1ria, ci\u00eancias de materiais e desenvolvimento de produtos;<\/p>\n<p>V &#8211; capacitar e formar recursos humanos por meio de cursos de curta e m\u00e9dia dura\u00e7\u00e3o;<\/p>\n<p>VI &#8211; apoiar os cursos de gradua\u00e7\u00e3o e os programas de p\u00f3s-gradua\u00e7\u00e3o da UFV; e<\/p>\n<p>VII &#8211; prestar servi\u00e7os por meio de atendimento \u00e0 demanda, que se dar\u00e1 mediante o pagamento de taxa, com o valor a ser proposto pelo Colegiado do SMU e aprovado pelo Conselho Acad\u00eamico-Administrativo (Coad) do Campus Rio Parana\u00edba.<\/p>\n<p>Cap\u00edtulo II<\/p>\n<p>Da \u00c1rea F\u00edsica<\/p>\n<p>Art. 3\u00ba A estrutura do SMU abranger\u00e1 unidades f\u00edsicas localizadas no Campus Rio Parana\u00edba.<\/p>\n<p>Cap\u00edtulo III<\/p>\n<p>Da Estrutura Org\u00e2nica<\/p>\n<p>Art. 4\u00ba O SMU est\u00e1 vinculado \u00e0 Diretoria Geral (DGR) e ter\u00e1 como estrutura b\u00e1sica:<\/p>\n<p>I. Colegiado;<\/p>\n<p>II. Coordena\u00e7\u00e3o; e<\/p>\n<p>III. Apoio Administrativo.<\/p>\n<p>Se\u00e7\u00e3o I<\/p>\n<p>Do Colegiado<\/p>\n<p>Art. 5\u00ba O Colegiado do SMU ser\u00e1 constitu\u00eddo pelos seguintes membros:<\/p>\n<p>I. Coordenador;<\/p>\n<p>II. Representante efetivo e suplente do Instituto de Ci\u00eancias Agr\u00e1rias (IAP);<\/p>\n<p>III. Representante efetivo e suplente do Instituto de Ci\u00eancias Biol\u00f3gicas e da Sa\u00fade (IBP);<\/p>\n<p>IV. Representante efetivo e suplente do Instituto de Ci\u00eancias Exatas e Tecnol\u00f3gicas (IEP); e<\/p>\n<p>V. Representante efetivo e suplente dos servidores t\u00e9cnicos em pesquisa vinculados \u00e0 Diretoria de Pesquisa e P\u00f3s-Gradua\u00e7\u00e3o (DPG).<\/p>\n<p>\u00a71\u00ba Os nomes dos representantes dos Institutos ser\u00e3o indicados pelos respectivos Colegiados, dentre seus docentes e t\u00e9cnicos de n\u00edvel superior, e submetidos \u00e0 aprova\u00e7\u00e3o do Coad.<\/p>\n<p>\u00a72\u00ba Os representantes dos Institutos ser\u00e3o nomeados pelo Diretor Geral, com mandato de 2 (dois) anos, e possibilidade de recondu\u00e7\u00e3o.<\/p>\n<p>\u00a73\u00ba Os representantes dos servidores t\u00e9cnicos em pesquisa ser\u00e3o escolhidos pelos pares e nomeados pelo Diretor Geral, com mandato de 2 (dois) anos, e possibilidade de recondu\u00e7\u00e3o.<\/p>\n<p>\u00a74\u00ba Perder\u00e1 o mandato todo membro do Colegiado que, sem motivo justificado, faltar a tr\u00eas reuni\u00f5es consecutivas ou a cinco intercaladas.<\/p>\n<p>Art. 6\u00ba A amplia\u00e7\u00e3o do Colegiado do SMU ser\u00e1 feita mediante solicita\u00e7\u00e3o do Colegiado do Instituto interessado, devidamente apreciada pelo Colegiado do SMU e aprovada pelo Coad.<\/p>\n<p>Art. 7\u00ba A exclus\u00e3o de qualquer Instituto poder\u00e1 ser efetuada por iniciativa da maioria absoluta dos membros do Colegiado do SMU ou manifesta\u00e7\u00e3o direta do Colegiado do Instituto interessado, com posterior submiss\u00e3o \u00e0 aprova\u00e7\u00e3o do Coad.<\/p>\n<p>Art. 8\u00ba Compete ao Colegiado:<\/p>\n<p>I &#8211; indicar o Coordenador do SMU, o qual ser\u00e1 escolhido entre seus membros;<\/p>\n<p>II &#8211; propor crit\u00e9rios para a administra\u00e7\u00e3o e exclus\u00e3o de membros do Colegiado;<\/p>\n<p>III &#8211; deliberar as pol\u00edticas, diretrizes e metas do SMU;<\/p>\n<p>IV &#8211; definir as normas de uso de equipamentos do SMU e os valores das taxas de servi\u00e7os;<\/p>\n<p>V &#8211; aprovar a proposta or\u00e7ament\u00e1ria anual, a ser enviada \u00e0 Diretoria Geral do campus;<\/p>\n<p>VI &#8211; opinar sobre a celebra\u00e7\u00e3o de conv\u00eanios e acordos;<\/p>\n<p>VII &#8211; apreciar o relat\u00f3rio anual das atividades do SMU, a ser apresentado aos Institutos participantes;<\/p>\n<p>VIII &#8211; propor altera\u00e7\u00f5es no regimento, para posterior aprova\u00e7\u00e3o do Cepe e Consu;<\/p>\n<p>IX &#8211; convocar reuni\u00e3o ordin\u00e1ria ou extraordin\u00e1ria, caso seja necess\u00e1rio, por, pelo menos, um ter\u00e7o de seus membros;<\/p>\n<p>X &#8211; propor altera\u00e7\u00f5es deste regimento ao Consu, por, pelo menos, dois ter\u00e7os dos seus membros ou por maioria simples dos presentes; e<\/p>\n<p>XI &#8211; pronunciar-se sobre qualquer assunto de interesse ou responsabilidade do SMU.<\/p>\n<p>Se\u00e7\u00e3o II<\/p>\n<p>Da Coordena\u00e7\u00e3o<\/p>\n<p><strong>\u00a0<\/strong>Art. 9\u00ba O Coordenador do SMU ser\u00e1 escolhido pelo Colegiado, entre seus membros, e nomeado pelo Diretor Geral do Campus Rio Parana\u00edba.<\/p>\n<p>\u00a71\u00ba O Coordenador do SMU ter\u00e1 mandato de 2 (dois) anos, contados da data de sua posse, com possibilidade de recondu\u00e7\u00f5es.<\/p>\n<p>\u00a72\u00ba O Colegiado, at\u00e9 30 (trinta) dias antes do t\u00e9rmino do mandato do Coordenador, eleger\u00e1 seu substituto em reuni\u00e3o convocada para esta finalidade.<\/p>\n<p>\u00a73\u00ba Em caso de vac\u00e2ncia do cargo, a indica\u00e7\u00e3o do nome do novo Coordenador dever\u00e1 ser encaminhada ao Diretor do Campus Rio Parana\u00edba, pelo Colegiado, nos 30 (trinta) dias subsequentes.<\/p>\n<p>\u00a74\u00ba O Coordenador poder\u00e1 ser destitu\u00eddo a qualquer momento, pelo Diretor Geral, por solicita\u00e7\u00e3o da maioria dos membros do Colegiado do SMU e aprova\u00e7\u00e3o do Coad.<\/p>\n<p>Art. 10. Compete ao Coordenador:<\/p>\n<p>I &#8211; supervisionar as atividades t\u00e9cnicas e administrativas do SMU;<\/p>\n<p>II &#8211; atuar como autoridade administrativa do SMU;<\/p>\n<p>III &#8211; planejar e coordenar as atividades do SMU, convocando e presidindo as reuni\u00f5es do colegiado;<\/p>\n<p>IV &#8211; submeter, anualmente, aos Institutos e Coad, os relat\u00f3rios de atividades;<\/p>\n<p>V &#8211; promover articula\u00e7\u00f5es com Institutos da UFV e com outras institui\u00e7\u00f5es, visando \u00e0 integra\u00e7\u00e3o dos trabalhos;<\/p>\n<p>VI &#8211; manter as condi\u00e7\u00f5es de uso das instala\u00e7\u00f5es do SMU e zelar por sua correta utiliza\u00e7\u00e3o;<\/p>\n<p>VII &#8211; controlar o uso do material de consumo espec\u00edficos do SMU;<\/p>\n<p>VIII &#8211; representar o SMU e assinar documentos inerentes a essa condi\u00e7\u00e3o, de acordo com o Colegiado; e<\/p>\n<p>IX &#8211; convocar reuni\u00e3o ordin\u00e1ria, pelo menos uma vez por semestre e, extraordin\u00e1ria, sempre que necess\u00e1rio deliberando com o quorum m\u00ednimo de dois ter\u00e7os de seus membros ou por maioria simples dos presentes.<\/p>\n<p>Se\u00e7\u00e3o III<\/p>\n<p>Do Apoio Administrativo<\/p>\n<p>Art. 11. Ao apoio administrativo compete:<\/p>\n<p>I &#8211; manter as condi\u00e7\u00f5es de uso das instala\u00e7\u00f5es do SMU e zelar pelos equipamentos;<\/p>\n<p>II &#8211; orientar os usu\u00e1rios quanto \u00e0 utiliza\u00e7\u00e3o correta dos equipamentos;<\/p>\n<p>III &#8211; controlar o uso de material de consumo espec\u00edfico do SMU, fazer ou auxiliar no pedido de compras e acompanhar a aquisi\u00e7\u00e3o dos materiais;<\/p>\n<p>IV &#8211; organizar e oferecer cursos de treinamento para uso dos equipamentos e preparo de amostras; e<\/p>\n<p>V &#8211; exercer atividades administrativas estabelecidas pelo Coordenador.<\/p>\n<p>Cap\u00edtulo IV<\/p>\n<p>Dos Recursos Financeiros e Equipamentos<\/p>\n<p>Art. 12. Os recursos financeiros para a aquisi\u00e7\u00e3o de equipamentos e expans\u00e3o do SMU ser\u00e3o provenientes de recursos oriundos de ag\u00eancias de fomento, parcerias com institui\u00e7\u00f5es p\u00fablicas ou privadas e presta\u00e7\u00f5es de servi\u00e7os.<\/p>\n<p>Art. 13. Os equipamentos permanentes adquiridos pelo SMU ser\u00e3o patrimoniados na Universidade, sob a responsabilidade da DGR.<\/p>\n<p>Art. 14. Os equipamentos permanentes disponibilizados pelos Institutos da UFV \u2013 CRP para o SMU ser\u00e3o patrimoniados sob a responsabilidade dos respectivos Institutos.<\/p>\n<p>Art. 15. Os recursos obtidos pelo SMU ser\u00e3o exclusivamente reservados para aquisi\u00e7\u00e3o de reagentes, manuten\u00e7\u00e3o e compra de equipamentos para o sistema.<\/p>\n<p>Cap\u00edtulo V<\/p>\n<p>Das Normas de Funcionamento<\/p>\n<p><strong>\u00a0<\/strong>Art. 16. O SMU adotar\u00e1 hor\u00e1rio comercial para atendimento ao pesquisador, podendo ser alterado em caso de demanda e delibera\u00e7\u00e3o por parte de seu Colegiado.<\/p>\n<p>Art. 17. Nenhum tipo de atendimento preferencial far\u00e1 parte das normas de funcionamento do SMU, salvo casos omissos que dever\u00e3o ser apreciados pelo Colegiado.<\/p>\n<p>Art. 18. A presta\u00e7\u00e3o de servi\u00e7os para terceiros dar-se-\u00e1 mediante pagamento de taxas, com valores estabelecidos pelo Colegiado e dispon\u00edveis na p\u00e1gina eletr\u00f4nica do SMU.<\/p>\n<p>Art. 19. A presta\u00e7\u00e3o de servi\u00e7os para membros da comunidade da UFV \u2013 CRP n\u00e3o envolver\u00e1 o pagamento de taxas, mas estar\u00e1 sujeita \u00e0s demais normas de funcionamento do SMU e poder\u00e1 envolver a reposi\u00e7\u00e3o de itens de consumo para as an\u00e1lises.<\/p>\n<p>Art. 20. A ordem de atendimento ser\u00e1 a mesma da solicita\u00e7\u00e3o dos servi\u00e7os via p\u00e1gina eletr\u00f4nica do SMU, que gerar\u00e1 uma planilha com data e hor\u00e1rio em que o pedido foi protocolado.<\/p>\n<p>Art. 21. O agendamento de cada equipamento ser\u00e1 disponibilizado para consulta p\u00fablica na p\u00e1gina eletr\u00f4nica do SMU.<\/p>\n<p>Cap\u00edtulo V<\/p>\n<p>Das Disposi\u00e7\u00f5es Finais<\/p>\n<p>Art. 22. Os casos omissos ser\u00e3o decididos pelo Colegiado.<\/p>\n<p>Art. 23. Este Regimento entrar\u00e1 em vigor na data da sua publica\u00e7\u00e3o.<\/p>\n<p>&nbsp;<\/p>\n<h2>Colegiado<\/h2>\n<p>Ato N\u00famero 039\/2025\/CRP, de 01 de dezembro de 2025<\/p>\n<p>Coordenador: Prof. Everaldo Ant\u00f4nio Lopes<\/p>\n<p>Representantes do Instituto de Ci\u00eancias Agr\u00e1rias (IAP): Prof. Everaldo Ant\u00f4nio Lopes (membro efetivo) e Prof. Pedro Ivo Vieira Good God (membro suplente)<\/p>\n<p>Representantes do Instituto de Ci\u00eancias Biol\u00f3gicas e da Sa\u00fade (IBP): Prof. Rubens Pasa (membro efetivo) e Profa. Jaqueline Dias Pereira (membro suplente)<\/p>\n<p>Representantes do Instituto de Ci\u00eancias Exatas e Tecnol\u00f3gicas (IEP): Prof. Geraldo Humberto Silva (membro efetivo) e Prof. Samuel Borges Barbosa (membro suplente)<\/p>\n<p>Representantes dos servidores t\u00e9cnico-administrativos da Diretoria de Pesquisa e P\u00f3s-Gradua\u00e7\u00e3o (DPG): Servidora\u00a0 Roberta Gomes Prado Mari (membro efetivo) e Servidor Jader Alves Ferreira (membro suplente).<\/p>\n<p>&nbsp;<\/p>\n<h2>Apoio Administrativo<\/h2>\n<p>Istefane Cristina Borges Rodrigues (Doutoranda em Qu\u00edmica): istefane.rodrigues@ufv.br<\/p>\n<p>Jader Alves Ferreira (Doutorando em Qu\u00edmica): jaderalves@ufv.br<\/p>\n<p>Roberta Gomes Prado Mari (Doutora em Qu\u00edmica): robertaprado@ufv.br<\/p>\n<p>Vin\u00edcius Guimar\u00e3es Nasser (Doutor em Qu\u00edmica): vinicius.nasser@ufv.br<\/p>\n<p>&nbsp;<\/p>\n<h2>Comit\u00ea Usu\u00e1rio<\/h2>\n<p>Ato N\u00famero 03\/2026\/CRP, de 21 de janeiro de 2026<\/p>\n<p>Representantes do Instituto de Ci\u00eancias Agr\u00e1rias (IAP): Prof. Fl\u00e1vio Lemes Fernandes (membro efetivo) e Prof. Wellington Luiz de Almeida (membro suplente)<\/p>\n<p>Representantes do Instituto de Ci\u00eancias Biol\u00f3gicas e da Sa\u00fade (IBP): Profa. Liliane Evangelista Vis\u00f4tto (membro efetivo) e Profa. Jaqueline Dias Pereira (membro suplente)<\/p>\n<p>Representantes do Instituto de Ci\u00eancias Exatas e Tecnol\u00f3gicas (IEP): Prof. Jo\u00e3o Fernando Mari (membro efetivo) e Prof. Markssuel Teixeira Marvila (membro suplente)<\/p>\n<p>Representantes dos servidores t\u00e9cnico-administrativos: Servidor\u00a0 Vin\u00edcius Guimar\u00e3es Nasser (membro efetivo) e Servidora Istefane Cristina Borges Rodrigues (membro suplente).<\/p>\n<p>&nbsp;<\/p>\n","protected":false},"excerpt":{"rendered":"<p>Hist\u00f3rico e Objetivos O processo de institui\u00e7\u00e3o do Sistema Multiusu\u00e1rio (SMU) teve in\u00edcio no segundo semestre de 2025 (Processo SEI 23114.915259\/2025-31), como iniciativa da Diretoria de Pesquisa e P\u00f3s-Gradua\u00e7\u00e3o da UFV &#8211; Campus Rio Parana\u00edba (DPG). O Conselho Acad\u00eamico-Administrativo (COAD) &hellip; <a href=\"https:\/\/smu.crp.ufv.br\/?page_id=1262\">Leia mais<\/a><\/p>\n","protected":false},"author":1,"featured_media":0,"parent":0,"menu_order":0,"comment_status":"closed","ping_status":"closed","template":"","meta":{"footnotes":""},"class_list":["post-1262","page","type-page","status-publish","hentry"],"_links":{"self":[{"href":"https:\/\/smu.crp.ufv.br\/index.php?rest_route=\/wp\/v2\/pages\/1262","targetHints":{"allow":["GET"]}}],"collection":[{"href":"https:\/\/smu.crp.ufv.br\/index.php?rest_route=\/wp\/v2\/pages"}],"about":[{"href":"https:\/\/smu.crp.ufv.br\/index.php?rest_route=\/wp\/v2\/types\/page"}],"author":[{"embeddable":true,"href":"https:\/\/smu.crp.ufv.br\/index.php?rest_route=\/wp\/v2\/users\/1"}],"replies":[{"embeddable":true,"href":"https:\/\/smu.crp.ufv.br\/index.php?rest_route=%2Fwp%2Fv2%2Fcomments&post=1262"}],"version-history":[{"count":29,"href":"https:\/\/smu.crp.ufv.br\/index.php?rest_route=\/wp\/v2\/pages\/1262\/revisions"}],"predecessor-version":[{"id":1465,"href":"https:\/\/smu.crp.ufv.br\/index.php?rest_route=\/wp\/v2\/pages\/1262\/revisions\/1465"}],"wp:attachment":[{"href":"https:\/\/smu.crp.ufv.br\/index.php?rest_route=%2Fwp%2Fv2%2Fmedia&parent=1262"}],"curies":[{"name":"wp","href":"https:\/\/api.w.org\/{rel}","templated":true}]}}